{"id":1256,"date":"2020-02-03T19:46:37","date_gmt":"2020-02-03T18:46:37","guid":{"rendered":"http:\/\/www.edit.si\/rechtliche-hinweise\/"},"modified":"2020-09-18T12:56:29","modified_gmt":"2020-09-18T10:56:29","slug":"rechtliche-hinweise","status":"publish","type":"page","link":"https:\/\/www.edit.si\/de\/rechtliche-hinweise","title":{"rendered":"Rechtliche Hinweise"},"content":{"rendered":"\t\t<div data-elementor-type=\"wp-page\" data-elementor-id=\"1256\" class=\"elementor elementor-1256 elementor-51\" data-elementor-post-type=\"page\">\n\t\t\t\t\t\t<section class=\"elementor-section elementor-top-section elementor-element elementor-element-6ffb5f4 elementor-section-full_width elementor-section-height-default elementor-section-height-default\" data-id=\"6ffb5f4\" data-element_type=\"section\" data-e-type=\"section\">\n\t\t\t\t\t\t<div class=\"elementor-container elementor-column-gap-no\">\n\t\t\t\t\t<div class=\"elementor-column elementor-col-100 elementor-top-column elementor-element elementor-element-ca10821\" data-id=\"ca10821\" data-element_type=\"column\" data-e-type=\"column\">\n\t\t\t<div class=\"elementor-widget-wrap elementor-element-populated\">\n\t\t\t\t\t\t<div class=\"elementor-element elementor-element-07a114c elementor-widget elementor-widget-template\" data-id=\"07a114c\" data-element_type=\"widget\" data-e-type=\"widget\" data-widget_type=\"template.default\">\n\t\t\t\t<div class=\"elementor-widget-container\">\n\t\t\t\t\t\t\t<div class=\"elementor-template\">\n\t\t\t\t\t<div data-elementor-type=\"section\" data-elementor-id=\"1625\" class=\"elementor elementor-1625 elementor-369 elementor-369\" data-elementor-post-type=\"elementor_library\">\n\t\t\t\t\t<section class=\"elementor-section elementor-top-section elementor-element elementor-element-1f582576 elementor-section-stretched elementor-section-boxed elementor-section-height-default elementor-section-height-default\" data-id=\"1f582576\" data-element_type=\"section\" data-e-type=\"section\" data-settings=\"{&quot;background_background&quot;:&quot;gradient&quot;,&quot;stretch_section&quot;:&quot;section-stretched&quot;}\">\n\t\t\t\t\t\t<div class=\"elementor-container elementor-column-gap-default\">\n\t\t\t\t\t<div class=\"elementor-column elementor-col-100 elementor-top-column elementor-element elementor-element-79b76ac3\" data-id=\"79b76ac3\" data-element_type=\"column\" data-e-type=\"column\">\n\t\t\t<div class=\"elementor-widget-wrap elementor-element-populated\">\n\t\t\t\t\t\t\t<\/div>\n\t\t<\/div>\n\t\t\t\t\t<\/div>\n\t\t<\/section>\n\t\t\t\t<\/div>\n\t\t\t\t<\/div>\n\t\t\t\t\t\t<\/div>\n\t\t\t\t<\/div>\n\t\t\t\t\t<\/div>\n\t\t<\/div>\n\t\t\t\t\t<\/div>\n\t\t<\/section>\n\t\t\t\t<section class=\"elementor-section elementor-top-section elementor-element elementor-element-ccfb403 elementor-section-full_width elementor-section-height-default elementor-section-height-default\" data-id=\"ccfb403\" data-element_type=\"section\" data-e-type=\"section\">\n\t\t\t\t\t\t<div class=\"elementor-container elementor-column-gap-no\">\n\t\t\t\t\t<div class=\"elementor-column elementor-col-100 elementor-top-column elementor-element elementor-element-758e317\" data-id=\"758e317\" data-element_type=\"column\" data-e-type=\"column\">\n\t\t\t<div class=\"elementor-widget-wrap elementor-element-populated\">\n\t\t\t\t\t\t<div class=\"elementor-element elementor-element-4c3721e elementor-widget elementor-widget-template\" data-id=\"4c3721e\" data-element_type=\"widget\" data-e-type=\"widget\" data-widget_type=\"template.default\">\n\t\t\t\t<div class=\"elementor-widget-container\">\n\t\t\t\t\t\t\t<div class=\"elementor-template\">\n\t\t\t\t\t<div data-elementor-type=\"section\" data-elementor-id=\"1615\" class=\"elementor elementor-1615 elementor-666 elementor-666\" data-elementor-post-type=\"elementor_library\">\n\t\t\t\t\t<section class=\"elementor-section elementor-top-section elementor-element elementor-element-4d4ac92f elementor-section-stretched elementor-hidden-phone elementor-section-boxed elementor-section-height-default elementor-section-height-default\" data-id=\"4d4ac92f\" data-element_type=\"section\" data-e-type=\"section\" data-settings=\"{&quot;stretch_section&quot;:&quot;section-stretched&quot;}\">\n\t\t\t\t\t\t<div class=\"elementor-container elementor-column-gap-default\">\n\t\t\t\t\t<div class=\"elementor-column elementor-col-100 elementor-top-column elementor-element elementor-element-5e4614e\" data-id=\"5e4614e\" data-element_type=\"column\" data-e-type=\"column\">\n\t\t\t<div class=\"elementor-widget-wrap\">\n\t\t\t\t\t\t\t<\/div>\n\t\t<\/div>\n\t\t\t\t\t<\/div>\n\t\t<\/section>\n\t\t\t\t<\/div>\n\t\t\t\t<\/div>\n\t\t\t\t\t\t<\/div>\n\t\t\t\t<\/div>\n\t\t\t\t\t<\/div>\n\t\t<\/div>\n\t\t\t\t\t<\/div>\n\t\t<\/section>\n\t\t\t\t<section class=\"elementor-section elementor-top-section elementor-element elementor-element-84df717 elementor-section-boxed elementor-section-height-default elementor-section-height-default\" data-id=\"84df717\" data-element_type=\"section\" data-e-type=\"section\">\n\t\t\t\t\t\t<div class=\"elementor-container elementor-column-gap-default\">\n\t\t\t\t\t<div class=\"elementor-column elementor-col-100 elementor-top-column elementor-element elementor-element-11ca642\" data-id=\"11ca642\" data-element_type=\"column\" data-e-type=\"column\">\n\t\t\t<div class=\"elementor-widget-wrap elementor-element-populated\">\n\t\t\t\t\t\t<div class=\"elementor-element elementor-element-094dab3 elementor-widget elementor-widget-text-editor\" data-id=\"094dab3\" data-element_type=\"widget\" data-e-type=\"widget\" data-widget_type=\"text-editor.default\">\n\t\t\t\t<div class=\"elementor-widget-container\">\n\t\t\t\t\t\t\t\t\t<p>In der Gesellschaft Edit d.o.o. (im weiteren Text: Edit d.o.o.) haben wir die Webseite www.edit.si absichtlich so gestaltet, damit wir den Benutzern allgemeine Informationen \u00fcber uns und \u00fcber unsere Produkte und Leistungen \u00fcbermitteln k\u00f6nnen.<\/p>\n<p>Edit d.o.o. wird mit aller Sorgf\u00e4ltigkeit bei der Gestaltung der Inhalte auf der Webseiten versuchen, die Genauigkeit und Aktualit\u00e4t der gewonnenen Daten zu garantieren.<\/p>\n<p>Edit d.o.o. \u00fcbernimmt keine Verantwortung f\u00fcr die Genauigkeit und Ganzheitlichkeit der Daten. Alle Benutzer verwenden den kompletten ver\u00f6ffentlichten Inhalt auf eigene Verantwortung. Weder Edit d.o.o., noch irgendeine andere nat\u00fcrliche oder juristische Person, die bei der Entstehung und Ausarbeitung dieser Internetseite mitgewirkt hat, ist deshalb f\u00fcr keinen Schaden verantwortlich, der durch den Zugriff auf die Nutzung oder durch die Unm\u00f6glichkeit der Nutzung von Informationen auf diesen Internetseiten entsteht. Genauso ist sie nicht verantwortlich f\u00fcr irgendwelche Fehler oder M\u00e4ngel in deren Inhalt.<\/p>\n<p>Die Webseiten www.edit.si k\u00f6nnen auch Informationen \u00fcber dritte Personen und \u00fcber Verbindungen zu ihren Webseiten enthalten. Da Edit d.o.o. den Inhalt der Informationen, die sich auf den Internetseiten dritter Personen befinden, nicht kennt, \u00fcbernimmt sie deshalb auch keine Verantwortung f\u00fcr die Richtigkeit oder Vollst\u00e4ndigkeit der von dritten Personen angegebenen Informationen.<\/p>\n<p>Edit d.o.o. beh\u00e4lt sich das Recht vor, die vorliegenden Webseiten jederzeit, auf irgendwelche Weise ohne vorg\u00e4ngige Ank\u00fcndigung und unabh\u00e4ngig von der Ursache zu ver\u00e4ndern. Edit d.o.o. \u00fcbernimmt keine Verantwortung f\u00fcr eventuelle Folgen solcher \u00c4nderungen.<\/p>\n<p>Edit d.o.o. ist nicht verantwortlich f\u00fcr gelegentliche Inaktivit\u00e4t der Internetseiten, m\u00f6gliche Ungenauigkeit der Informationen und auch nicht f\u00fcr eventuell entstandene Sch\u00e4den aufgrund ungenauer oder unvollst\u00e4ndiger Informationen.<\/p>\n<p>Edit d.o.o. verpflichtet sich zum Privatsph\u00e4reschutz aller \u00fcbermittelten Informationen.<\/p>\n\t\t\t\t\t\t\t\t<\/div>\n\t\t\t\t<\/div>\n\t\t\t\t\t<\/div>\n\t\t<\/div>\n\t\t\t\t\t<\/div>\n\t\t<\/section>\n\t\t\t\t<\/div>\n\t\t","protected":false},"excerpt":{"rendered":"<p>In der Gesellschaft Edit d.o.o. (im weiteren Text: Edit d.o.o.) haben wir die Webseite www.edit.si absichtlich so gestaltet, damit wir den Benutzern allgemeine Informationen \u00fcber uns und \u00fcber unsere Produkte und Leistungen \u00fcbermitteln k\u00f6nnen. Edit d.o.o. wird mit aller Sorgf\u00e4ltigkeit bei der Gestaltung der Inhalte auf der Webseiten versuchen, die Genauigkeit und Aktualit\u00e4t der gewonnenen [&hellip;]<\/p>\n","protected":false},"author":8,"featured_media":0,"parent":0,"menu_order":8,"comment_status":"closed","ping_status":"closed","template":"","meta":{"site-sidebar-layout":"no-sidebar","site-content-layout":"page-builder","ast-site-content-layout":"default","site-content-style":"default","site-sidebar-style":"default","ast-global-header-display":"","ast-banner-title-visibility":"","ast-main-header-display":"","ast-hfb-above-header-display":"","ast-hfb-below-header-display":"","ast-hfb-mobile-header-display":"","site-post-title":"disabled","ast-breadcrumbs-content":"","ast-featured-img":"disabled","footer-sml-layout":"","ast-disable-related-posts":"","theme-transparent-header-meta":"default","adv-header-id-meta":"","stick-header-meta":"","header-above-stick-meta":"","header-main-stick-meta":"","header-below-stick-meta":"","astra-migrate-meta-layouts":"default","ast-page-background-enabled":"default","ast-page-background-meta":{"desktop":{"background-color":"","background-image":"","background-repeat":"repeat","background-position":"center center","background-size":"auto","background-attachment":"scroll","background-type":"","background-media":"","overlay-type":"","overlay-color":"","overlay-opacity":"","overlay-gradient":""},"tablet":{"background-color":"","background-image":"","background-repeat":"repeat","background-position":"center center","background-size":"auto","background-attachment":"scroll","background-type":"","background-media":"","overlay-type":"","overlay-color":"","overlay-opacity":"","overlay-gradient":""},"mobile":{"background-color":"","background-image":"","background-repeat":"repeat","background-position":"center center","background-size":"auto","background-attachment":"scroll","background-type":"","background-media":"","overlay-type":"","overlay-color":"","overlay-opacity":"","overlay-gradient":""}},"ast-content-background-meta":{"desktop":{"background-color":"var(--ast-global-color-5)","background-image":"","background-repeat":"repeat","background-position":"center center","background-size":"auto","background-attachment":"scroll","background-type":"","background-media":"","overlay-type":"","overlay-color":"","overlay-opacity":"","overlay-gradient":""},"tablet":{"background-color":"var(--ast-global-color-5)","background-image":"","background-repeat":"repeat","background-position":"center center","background-size":"auto","background-attachment":"scroll","background-type":"","background-media":"","overlay-type":"","overlay-color":"","overlay-opacity":"","overlay-gradient":""},"mobile":{"background-color":"var(--ast-global-color-5)","background-image":"","background-repeat":"repeat","background-position":"center center","background-size":"auto","background-attachment":"scroll","background-type":"","background-media":"","overlay-type":"","overlay-color":"","overlay-opacity":"","overlay-gradient":""}},"footnotes":""},"class_list":["post-1256","page","type-page","status-publish","hentry"],"_links":{"self":[{"href":"https:\/\/www.edit.si\/de\/wp-json\/wp\/v2\/pages\/1256","targetHints":{"allow":["GET"]}}],"collection":[{"href":"https:\/\/www.edit.si\/de\/wp-json\/wp\/v2\/pages"}],"about":[{"href":"https:\/\/www.edit.si\/de\/wp-json\/wp\/v2\/types\/page"}],"author":[{"embeddable":true,"href":"https:\/\/www.edit.si\/de\/wp-json\/wp\/v2\/users\/8"}],"replies":[{"embeddable":true,"href":"https:\/\/www.edit.si\/de\/wp-json\/wp\/v2\/comments?post=1256"}],"version-history":[{"count":0,"href":"https:\/\/www.edit.si\/de\/wp-json\/wp\/v2\/pages\/1256\/revisions"}],"wp:attachment":[{"href":"https:\/\/www.edit.si\/de\/wp-json\/wp\/v2\/media?parent=1256"}],"curies":[{"name":"wp","href":"https:\/\/api.w.org\/{rel}","templated":true}]}}