{"id":1245,"date":"2020-02-03T19:28:00","date_gmt":"2020-02-03T18:28:00","guid":{"rendered":"http:\/\/www.edit.si\/nase-jamstvo\/"},"modified":"2025-06-16T12:58:08","modified_gmt":"2025-06-16T10:58:08","slug":"nase-jamstvo","status":"publish","type":"page","link":"https:\/\/www.edit.si\/hr\/nase-jamstvo","title":{"rendered":"Na\u0161e jamstvo"},"content":{"rendered":"\t\t<div data-elementor-type=\"wp-page\" data-elementor-id=\"1245\" class=\"elementor elementor-1245 elementor-50\" data-elementor-post-type=\"page\">\n\t\t\t\t\t\t<section class=\"elementor-section elementor-top-section elementor-element elementor-element-03f5955 elementor-section-full_width elementor-section-height-default elementor-section-height-default\" data-id=\"03f5955\" data-element_type=\"section\" data-e-type=\"section\">\n\t\t\t\t\t\t<div class=\"elementor-container elementor-column-gap-no\">\n\t\t\t\t\t<div class=\"elementor-column elementor-col-100 elementor-top-column elementor-element elementor-element-9dcc429\" data-id=\"9dcc429\" data-element_type=\"column\" data-e-type=\"column\">\n\t\t\t<div class=\"elementor-widget-wrap elementor-element-populated\">\n\t\t\t\t\t\t<div class=\"elementor-element elementor-element-a45755d elementor-widget elementor-widget-template\" data-id=\"a45755d\" data-element_type=\"widget\" data-e-type=\"widget\" data-widget_type=\"template.default\">\n\t\t\t\t<div class=\"elementor-widget-container\">\n\t\t\t\t\t\t\t<div class=\"elementor-template\">\n\t\t\t\t\t<div data-elementor-type=\"section\" data-elementor-id=\"1627\" class=\"elementor elementor-1627 elementor-369 elementor-369\" data-elementor-post-type=\"elementor_library\">\n\t\t\t\t\t<section class=\"elementor-section elementor-top-section elementor-element elementor-element-1f582576 elementor-section-stretched elementor-section-boxed elementor-section-height-default elementor-section-height-default\" data-id=\"1f582576\" data-element_type=\"section\" data-e-type=\"section\" data-settings=\"{&quot;background_background&quot;:&quot;gradient&quot;,&quot;stretch_section&quot;:&quot;section-stretched&quot;}\">\n\t\t\t\t\t\t<div class=\"elementor-container elementor-column-gap-default\">\n\t\t\t\t\t<div class=\"elementor-column elementor-col-100 elementor-top-column elementor-element elementor-element-79b76ac3\" data-id=\"79b76ac3\" data-element_type=\"column\" data-e-type=\"column\">\n\t\t\t<div class=\"elementor-widget-wrap elementor-element-populated\">\n\t\t\t\t\t\t\t<\/div>\n\t\t<\/div>\n\t\t\t\t\t<\/div>\n\t\t<\/section>\n\t\t\t\t<\/div>\n\t\t\t\t<\/div>\n\t\t\t\t\t\t<\/div>\n\t\t\t\t<\/div>\n\t\t\t\t\t<\/div>\n\t\t<\/div>\n\t\t\t\t\t<\/div>\n\t\t<\/section>\n\t\t\t\t<section class=\"elementor-section elementor-top-section elementor-element elementor-element-168aa2d elementor-section-full_width elementor-section-height-default elementor-section-height-default\" data-id=\"168aa2d\" data-element_type=\"section\" data-e-type=\"section\">\n\t\t\t\t\t\t<div class=\"elementor-container elementor-column-gap-no\">\n\t\t\t\t\t<div class=\"elementor-column elementor-col-100 elementor-top-column elementor-element elementor-element-efadb00\" data-id=\"efadb00\" data-element_type=\"column\" data-e-type=\"column\">\n\t\t\t<div class=\"elementor-widget-wrap elementor-element-populated\">\n\t\t\t\t\t\t<div class=\"elementor-element elementor-element-29a695a elementor-widget elementor-widget-template\" data-id=\"29a695a\" data-element_type=\"widget\" data-e-type=\"widget\" data-widget_type=\"template.default\">\n\t\t\t\t<div class=\"elementor-widget-container\">\n\t\t\t\t\t\t\t<div class=\"elementor-template\">\n\t\t\t\t\t<div data-elementor-type=\"section\" data-elementor-id=\"1617\" class=\"elementor elementor-1617 elementor-666 elementor-666\" data-elementor-post-type=\"elementor_library\">\n\t\t\t\t\t<section class=\"elementor-section elementor-top-section elementor-element elementor-element-4d4ac92f elementor-section-stretched elementor-hidden-phone elementor-section-boxed elementor-section-height-default elementor-section-height-default\" data-id=\"4d4ac92f\" data-element_type=\"section\" data-e-type=\"section\" data-settings=\"{&quot;stretch_section&quot;:&quot;section-stretched&quot;}\">\n\t\t\t\t\t\t<div class=\"elementor-container elementor-column-gap-default\">\n\t\t\t\t\t<div class=\"elementor-column elementor-col-100 elementor-top-column elementor-element elementor-element-5e4614e\" data-id=\"5e4614e\" data-element_type=\"column\" data-e-type=\"column\">\n\t\t\t<div class=\"elementor-widget-wrap\">\n\t\t\t\t\t\t\t<\/div>\n\t\t<\/div>\n\t\t\t\t\t<\/div>\n\t\t<\/section>\n\t\t\t\t<\/div>\n\t\t\t\t<\/div>\n\t\t\t\t\t\t<\/div>\n\t\t\t\t<\/div>\n\t\t\t\t\t<\/div>\n\t\t<\/div>\n\t\t\t\t\t<\/div>\n\t\t<\/section>\n\t\t\t\t<section class=\"elementor-section elementor-top-section elementor-element elementor-element-42b63bc elementor-section-boxed elementor-section-height-default elementor-section-height-default\" data-id=\"42b63bc\" data-element_type=\"section\" data-e-type=\"section\" data-settings=\"{&quot;background_background&quot;:&quot;classic&quot;}\">\n\t\t\t\t\t\t<div class=\"elementor-container elementor-column-gap-default\">\n\t\t\t\t\t<div class=\"elementor-column elementor-col-100 elementor-top-column elementor-element elementor-element-763cc95\" data-id=\"763cc95\" data-element_type=\"column\" data-e-type=\"column\">\n\t\t\t<div class=\"elementor-widget-wrap elementor-element-populated\">\n\t\t\t\t\t\t<div class=\"elementor-element elementor-element-94fd758 elementor-widget elementor-widget-text-editor\" data-id=\"94fd758\" data-element_type=\"widget\" data-e-type=\"widget\" data-widget_type=\"text-editor.default\">\n\t\t\t\t<div class=\"elementor-widget-container\">\n\t\t\t\t\t\t\t\t\t<p data-start=\"26\" data-end=\"619\">Tvrtka <strong>EDIT d.o.o.<\/strong> osnovana je 1990. godine. Nakon 1995. godine specijalizirali smo se za sektor ambala\u017enih materijala. Ve\u0107 neko vrijeme EDIT d.o.o. smatra se tvrtkom s <strong>najopse\u017enijom<\/strong> <strong>i najcjelovitijom<\/strong> <strong>ponudom<\/strong> ambala\u017enih materijala, strojeva za pakiranje, pomo\u0107ne opreme i ambala\u017ee <strong>na slovenskom tr\u017ei\u0161tu<\/strong>. Nudimo standardna rje\u0161enja iz zalihe, kao i <strong>individualnu ambala\u017eu po mjeri<\/strong>, kojom ispunjavamo potrebe obrtni\u010dkih, trgova\u010dkih i industrijskih poduze\u0107a. Godinama \u0161irimo svoj prodajni asortiman te danas kupcima nudimo vi\u0161e od 700 proizvoda, od kojih je ve\u0107ina dostupna odmah iz skladi\u0161ta.<\/p><p data-start=\"621\" data-end=\"1252\">Na raspolaganju imamo oko 10.000 m\u00b2 vlastitog skladi\u0161nog prostora, a osim dugogodi\u0161njih vanjskih prijevoznika za dostavu koristimo i vlastiti vozni park. Za potrebe instalacije i servisiranja strojeva imamo vlastiti tehni\u010dki i servisni odjel. U vlastitoj proizvodnji vr\u0161imo rezanje stretch folija i papirnatih kutnika po \u017eeljenim mjerama. Tvrtka ve\u0107 niz godina ostvaruje A1++ bonitet. Na\u0161i su standardi i o\u010dekivanja visoki, \u0161to potvr\u0111ujemo redovitim certificiranjem prema normi <strong>ISO 9001<\/strong>. \u010clanovi smo grupe <strong>Packsynergy<\/strong> \u2013 europskog interesnog udru\u017eenja koje okuplja vi\u0161e od 20 vode\u0107ih dobavlja\u010da ambala\u017enih materijala i ambala\u017ee.<\/p>\t\t\t\t\t\t\t\t<\/div>\n\t\t\t\t<\/div>\n\t\t\t\t\t<\/div>\n\t\t<\/div>\n\t\t\t\t\t<\/div>\n\t\t<\/section>\n\t\t\t\t<section class=\"elementor-section elementor-top-section elementor-element elementor-element-56a12f2 elementor-section-boxed elementor-section-height-default elementor-section-height-default\" data-id=\"56a12f2\" data-element_type=\"section\" data-e-type=\"section\">\n\t\t\t\t\t\t<div class=\"elementor-container elementor-column-gap-default\">\n\t\t\t\t\t<div class=\"elementor-column elementor-col-100 elementor-top-column elementor-element elementor-element-86fbb07\" data-id=\"86fbb07\" data-element_type=\"column\" data-e-type=\"column\">\n\t\t\t<div class=\"elementor-widget-wrap elementor-element-populated\">\n\t\t\t\t\t\t<div class=\"elementor-element elementor-element-39af48a elementor-widget elementor-widget-heading\" data-id=\"39af48a\" data-element_type=\"widget\" data-e-type=\"widget\" data-widget_type=\"heading.default\">\n\t\t\t\t<div class=\"elementor-widget-container\">\n\t\t\t\t\t<h2 class=\"elementor-heading-title elementor-size-default\">Partner koji 100 % stoji iza svojih obe\u0107anja \u2013 Edit!<\/h2>\t\t\t\t<\/div>\n\t\t\t\t<\/div>\n\t\t\t\t<section class=\"elementor-section elementor-inner-section elementor-element elementor-element-46a6586 elementor-section-boxed elementor-section-height-default elementor-section-height-default\" data-id=\"46a6586\" data-element_type=\"section\" data-e-type=\"section\">\n\t\t\t\t\t\t<div class=\"elementor-container elementor-column-gap-default\">\n\t\t\t\t\t<div class=\"elementor-column elementor-col-50 elementor-inner-column elementor-element elementor-element-c4be179\" data-id=\"c4be179\" data-element_type=\"column\" data-e-type=\"column\">\n\t\t\t<div class=\"elementor-widget-wrap elementor-element-populated\">\n\t\t\t\t\t\t<div class=\"elementor-element elementor-element-11866db elementor-position-top elementor-widget elementor-widget-image-box\" data-id=\"11866db\" data-element_type=\"widget\" data-e-type=\"widget\" data-widget_type=\"image-box.default\">\n\t\t\t\t<div class=\"elementor-widget-container\">\n\t\t\t\t\t<div class=\"elementor-image-box-wrapper\"><figure class=\"elementor-image-box-img\"><img decoding=\"async\" width=\"183\" height=\"191\" src=\"https:\/\/www.edit.si\/wp-content\/uploads\/2020\/01\/garancija_kvalitete.png\" class=\"attachment-full size-full wp-image-735\" alt=\"garancija kvalitete\" \/><\/figure><div class=\"elementor-image-box-content\"><h3 class=\"elementor-image-box-title\">Jamstvo kvalitete.<br><\/h3><p class=\"elementor-image-box-description\">U tvrtki Edit u prodajnom programu imamo <strong>samo kvalitetne proizvode<\/strong>. U slu\u010daju da bilo kojim standardnom proizvodom kupljenim kod nas niste zadovoljni, zamijenit \u0107emo vam ga ili \u0107emo vam vratiti novac.<\/p><\/div><\/div>\t\t\t\t<\/div>\n\t\t\t\t<\/div>\n\t\t\t\t\t<\/div>\n\t\t<\/div>\n\t\t\t\t<div class=\"elementor-column elementor-col-50 elementor-inner-column elementor-element elementor-element-46359f9\" data-id=\"46359f9\" data-element_type=\"column\" data-e-type=\"column\">\n\t\t\t<div class=\"elementor-widget-wrap elementor-element-populated\">\n\t\t\t\t\t\t<div class=\"elementor-element elementor-element-9bbd0b0 elementor-position-top elementor-widget elementor-widget-image-box\" data-id=\"9bbd0b0\" data-element_type=\"widget\" data-e-type=\"widget\" data-widget_type=\"image-box.default\">\n\t\t\t\t<div class=\"elementor-widget-container\">\n\t\t\t\t\t<div class=\"elementor-image-box-wrapper\"><figure class=\"elementor-image-box-img\"><img decoding=\"async\" width=\"183\" height=\"191\" src=\"https:\/\/www.edit.si\/wp-content\/uploads\/2020\/01\/garancija_dobavnih_rokov.png\" class=\"attachment-full size-full wp-image-736\" alt=\"garancija dobavnih rokov\" \/><\/figure><div class=\"elementor-image-box-content\"><h3 class=\"elementor-image-box-title\">Jamstvo rokova isporuke.<br>Mrzimo ka\u0161njenje!<\/h3><p class=\"elementor-image-box-description\">Za robu koju imamo na zalihi uvijek se <strong>dr\u017eimo rokova isporuke<\/strong> dogovorenih narud\u017ebenicom.<\/p><\/div><\/div>\t\t\t\t<\/div>\n\t\t\t\t<\/div>\n\t\t\t\t\t<\/div>\n\t\t<\/div>\n\t\t\t\t\t<\/div>\n\t\t<\/section>\n\t\t\t\t\t<\/div>\n\t\t<\/div>\n\t\t\t\t\t<\/div>\n\t\t<\/section>\n\t\t\t\t<section class=\"elementor-section elementor-top-section elementor-element elementor-element-25e8adf elementor-section-boxed elementor-section-height-default elementor-section-height-default\" data-id=\"25e8adf\" data-element_type=\"section\" data-e-type=\"section\" data-settings=\"{&quot;background_background&quot;:&quot;classic&quot;}\">\n\t\t\t\t\t\t<div class=\"elementor-container elementor-column-gap-default\">\n\t\t\t\t\t<div class=\"elementor-column elementor-col-100 elementor-top-column elementor-element elementor-element-f7ed73e\" data-id=\"f7ed73e\" data-element_type=\"column\" data-e-type=\"column\">\n\t\t\t<div class=\"elementor-widget-wrap elementor-element-populated\">\n\t\t\t\t\t\t<div class=\"elementor-element elementor-element-c1bb564 elementor-widget elementor-widget-heading\" data-id=\"c1bb564\" data-element_type=\"widget\" data-e-type=\"widget\" data-widget_type=\"heading.default\">\n\t\t\t\t<div class=\"elementor-widget-container\">\n\t\t\t\t\t<h3 class=\"elementor-heading-title elementor-size-default\">Partner na kojeg se uvijek mo\u017eete osloniti!<\/h3>\t\t\t\t<\/div>\n\t\t\t\t<\/div>\n\t\t\t\t<div class=\"elementor-element elementor-element-3d5dbe5 elementor-widget elementor-widget-text-editor\" data-id=\"3d5dbe5\" data-element_type=\"widget\" data-e-type=\"widget\" data-widget_type=\"text-editor.default\">\n\t\t\t\t<div class=\"elementor-widget-container\">\n\t\t\t\t\t\t\t\t\t<p>Tu smo zato da vam:<\/p>\n<ul>\n<li>&nbsp;pomognemo zapakirati va\u0161e proizvode kako bi&nbsp;<strong>bez o\u0161te\u0107enja<\/strong>&nbsp;stigli do kupca te<\/li>\n<li>&nbsp;<strong>savjetujemo<\/strong>&nbsp;kako pri tom nu\u017enom zlu potro\u0161iti najmanje novca.<\/li>\n<\/ul>\n<p>Kod kupnje na\u0161ih materijala i strojeva za pakiranje, dajemo vam&nbsp;pisane izjave&nbsp;za:<\/p>\n<ul>\n<li>izjave o porijeklu robe<\/li>\n<li>sigurnosno-tehni\u010dke listove proizvoda<\/li>\n<li>izjave o ekolo\u0161koj sukladnosti materijala sa zakonodavstvom<\/li>\n<\/ul>\n\t\t\t\t\t\t\t\t<\/div>\n\t\t\t\t<\/div>\n\t\t\t\t\t<\/div>\n\t\t<\/div>\n\t\t\t\t\t<\/div>\n\t\t<\/section>\n\t\t\t\t<section class=\"elementor-section elementor-top-section elementor-element elementor-element-7c12fb5 elementor-section-boxed elementor-section-height-default elementor-section-height-default\" data-id=\"7c12fb5\" data-element_type=\"section\" data-e-type=\"section\" data-settings=\"{&quot;background_background&quot;:&quot;classic&quot;}\">\n\t\t\t\t\t\t<div class=\"elementor-container elementor-column-gap-default\">\n\t\t\t\t\t<div class=\"elementor-column elementor-col-100 elementor-top-column elementor-element elementor-element-752179b\" data-id=\"752179b\" data-element_type=\"column\" data-e-type=\"column\">\n\t\t\t<div class=\"elementor-widget-wrap elementor-element-populated\">\n\t\t\t\t\t\t<div class=\"elementor-element elementor-element-94e99b3 elementor-widget elementor-widget-heading\" data-id=\"94e99b3\" data-element_type=\"widget\" data-e-type=\"widget\" data-widget_type=\"heading.default\">\n\t\t\t\t<div class=\"elementor-widget-container\">\n\t\t\t\t\t<h3 class=\"elementor-heading-title elementor-size-default\">\u0160to ka\u017eemo, to i napravimo!<\/h3>\t\t\t\t<\/div>\n\t\t\t\t<\/div>\n\t\t\t\t<div class=\"elementor-element elementor-element-99f598f elementor-widget elementor-widget-text-editor\" data-id=\"99f598f\" data-element_type=\"widget\" data-e-type=\"widget\" data-widget_type=\"text-editor.default\">\n\t\t\t\t<div class=\"elementor-widget-container\">\n\t\t\t\t\t\t\t\t\t<p>Ne trebate nas dr\u017eati za rije\u010d, me\u0111utim, \u017eelimo da znate kakvi ljudi stoje iza takvih obe\u0107anja. Za bilo koji informaciju mo\u017eete nas bilo kada (svaki dan izme\u0111u 7.00 i 15.00) sati kontaktirati \u2013&nbsp;<a data-mce-href=\"\/?page_id=1222\" href=\"https:\/\/www.edit.si\/hr\/kontakti-posjetnica-i-lokacija\">kontakt.<\/a><\/p>\n\t\t\t\t\t\t\t\t<\/div>\n\t\t\t\t<\/div>\n\t\t\t\t\t<\/div>\n\t\t<\/div>\n\t\t\t\t\t<\/div>\n\t\t<\/section>\n\t\t\t\t<\/div>\n\t\t","protected":false},"excerpt":{"rendered":"<p>Tvrtka EDIT d.o.o. osnovana je 1990. godine. Nakon 1995. godine specijalizirali smo se za sektor ambala\u017enih materijala. Ve\u0107 neko vrijeme EDIT d.o.o. smatra se tvrtkom s najopse\u017enijom i najcjelovitijom ponudom ambala\u017enih materijala, strojeva za pakiranje, pomo\u0107ne opreme i ambala\u017ee na slovenskom tr\u017ei\u0161tu. Nudimo standardna rje\u0161enja iz zalihe, kao i individualnu ambala\u017eu po mjeri, kojom ispunjavamo [&hellip;]<\/p>\n","protected":false},"author":8,"featured_media":0,"parent":0,"menu_order":6,"comment_status":"closed","ping_status":"closed","template":"","meta":{"site-sidebar-layout":"no-sidebar","site-content-layout":"page-builder","ast-site-content-layout":"default","site-content-style":"default","site-sidebar-style":"default","ast-global-header-display":"","ast-banner-title-visibility":"","ast-main-header-display":"","ast-hfb-above-header-display":"","ast-hfb-below-header-display":"","ast-hfb-mobile-header-display":"","site-post-title":"disabled","ast-breadcrumbs-content":"","ast-featured-img":"disabled","footer-sml-layout":"","ast-disable-related-posts":"","theme-transparent-header-meta":"default","adv-header-id-meta":"","stick-header-meta":"","header-above-stick-meta":"","header-main-stick-meta":"","header-below-stick-meta":"","astra-migrate-meta-layouts":"default","ast-page-background-enabled":"default","ast-page-background-meta":{"desktop":{"background-color":"","background-image":"","background-repeat":"repeat","background-position":"center center","background-size":"auto","background-attachment":"scroll","background-type":"","background-media":"","overlay-type":"","overlay-color":"","overlay-opacity":"","overlay-gradient":""},"tablet":{"background-color":"","background-image":"","background-repeat":"repeat","background-position":"center center","background-size":"auto","background-attachment":"scroll","background-type":"","background-media":"","overlay-type":"","overlay-color":"","overlay-opacity":"","overlay-gradient":""},"mobile":{"background-color":"","background-image":"","background-repeat":"repeat","background-position":"center center","background-size":"auto","background-attachment":"scroll","background-type":"","background-media":"","overlay-type":"","overlay-color":"","overlay-opacity":"","overlay-gradient":""}},"ast-content-background-meta":{"desktop":{"background-color":"var(--ast-global-color-5)","background-image":"","background-repeat":"repeat","background-position":"center center","background-size":"auto","background-attachment":"scroll","background-type":"","background-media":"","overlay-type":"","overlay-color":"","overlay-opacity":"","overlay-gradient":""},"tablet":{"background-color":"var(--ast-global-color-5)","background-image":"","background-repeat":"repeat","background-position":"center center","background-size":"auto","background-attachment":"scroll","background-type":"","background-media":"","overlay-type":"","overlay-color":"","overlay-opacity":"","overlay-gradient":""},"mobile":{"background-color":"var(--ast-global-color-5)","background-image":"","background-repeat":"repeat","background-position":"center center","background-size":"auto","background-attachment":"scroll","background-type":"","background-media":"","overlay-type":"","overlay-color":"","overlay-opacity":"","overlay-gradient":""}},"footnotes":""},"class_list":["post-1245","page","type-page","status-publish","hentry"],"_links":{"self":[{"href":"https:\/\/www.edit.si\/hr\/wp-json\/wp\/v2\/pages\/1245","targetHints":{"allow":["GET"]}}],"collection":[{"href":"https:\/\/www.edit.si\/hr\/wp-json\/wp\/v2\/pages"}],"about":[{"href":"https:\/\/www.edit.si\/hr\/wp-json\/wp\/v2\/types\/page"}],"author":[{"embeddable":true,"href":"https:\/\/www.edit.si\/hr\/wp-json\/wp\/v2\/users\/8"}],"replies":[{"embeddable":true,"href":"https:\/\/www.edit.si\/hr\/wp-json\/wp\/v2\/comments?post=1245"}],"version-history":[{"count":0,"href":"https:\/\/www.edit.si\/hr\/wp-json\/wp\/v2\/pages\/1245\/revisions"}],"wp:attachment":[{"href":"https:\/\/www.edit.si\/hr\/wp-json\/wp\/v2\/media?parent=1245"}],"curies":[{"name":"wp","href":"https:\/\/api.w.org\/{rel}","templated":true}]}}